{"id":8,"date":"2021-04-25T17:09:01","date_gmt":"2021-04-25T15:09:01","guid":{"rendered":"http:\/\/marionbiche.be\/?page_id=8"},"modified":"2021-04-25T19:06:38","modified_gmt":"2021-04-25T17:06:38","slug":"a-propos-de","status":"publish","type":"page","link":"https:\/\/marionbiche.be\/index.php\/a-propos-de\/","title":{"rendered":"\u00c0 propos de moi"},"content":{"rendered":"\n<p>Dipl\u00f4m\u00e9e du master maille et tricot de l&rsquo;Acad\u00e9mie Royale des Beaux Arts de Bruxelles, j&rsquo;ai souhait\u00e9 me lancer en tant que freelance et de partir \u00e0 la rencontre de cr\u00e9ateurs belges afin de participer \u00e0 la redynamisation du secteur textile en Belgique. <\/p>\n\n\n\n<p>Engag\u00e9e dans une mode plus \u00e9thique et \u00e9co-responsable, j&rsquo;essaie de toujours faire au mieux pour limiter notre impact carbone et d&rsquo;apporter des pistes de r\u00e9flexion sans pour autant limiter la cr\u00e9ativit\u00e9. <\/p>\n\n\n\n<p>Passionn\u00e9e par le monde du textile et de l&rsquo;habillement, je me forme d\u00e8s que j&rsquo;en ai l&rsquo;occasion pour compl\u00e9ter mes connaissances. J&rsquo;ai notamment eu plusieurs workshops sur la corseterie, le cuir, la fourrure, la broderie, l&rsquo;upcycling, etc&#8230;<\/p>\n\n\n\n<p>Mon esth\u00e9tique est minimaliste, brute, essentielle. J&rsquo;aime mettre en valeur la mati\u00e8re premi\u00e8re, la laisser prendre forme sans la d\u00e9naturer. Organis\u00e9e, je laisse aussi mon intuition prendre la main, un m\u00e9lange complexe que j&rsquo;ai appris \u00e0 apprivoiser et qui est devenu mon mode de vie et de travail. <\/p>\n\n\n\n<p><\/p>\n\n\n\n<p><\/p>\n","protected":false},"excerpt":{"rendered":"<p>Dipl\u00f4m\u00e9e du master maille et tricot de l&rsquo;Acad\u00e9mie Royale des Beaux Arts de Bruxelles, j&rsquo;ai souhait\u00e9 me lancer en tant que freelance et de partir \u00e0 la rencontre de cr\u00e9ateurs belges afin de participer \u00e0 la redynamisation du secteur textile en Belgique. Engag\u00e9e dans une mode plus \u00e9thique et \u00e9co-responsable, j&rsquo;essaie de toujours faire au &hellip; <\/p>\n<p class=\"link-more\"><a href=\"https:\/\/marionbiche.be\/index.php\/a-propos-de\/\" class=\"more-link\">Continuer la lecture<span class=\"screen-reader-text\"> de &laquo;&nbsp;\u00c0 propos de moi&nbsp;&raquo;<\/span><\/a><\/p>\n","protected":false},"author":1,"featured_media":36,"parent":0,"menu_order":0,"comment_status":"closed","ping_status":"closed","template":"","meta":[],"_links":{"self":[{"href":"https:\/\/marionbiche.be\/index.php\/wp-json\/wp\/v2\/pages\/8"}],"collection":[{"href":"https:\/\/marionbiche.be\/index.php\/wp-json\/wp\/v2\/pages"}],"about":[{"href":"https:\/\/marionbiche.be\/index.php\/wp-json\/wp\/v2\/types\/page"}],"author":[{"embeddable":true,"href":"https:\/\/marionbiche.be\/index.php\/wp-json\/wp\/v2\/users\/1"}],"replies":[{"embeddable":true,"href":"https:\/\/marionbiche.be\/index.php\/wp-json\/wp\/v2\/comments?post=8"}],"version-history":[{"count":4,"href":"https:\/\/marionbiche.be\/index.php\/wp-json\/wp\/v2\/pages\/8\/revisions"}],"predecessor-version":[{"id":77,"href":"https:\/\/marionbiche.be\/index.php\/wp-json\/wp\/v2\/pages\/8\/revisions\/77"}],"wp:featuredmedia":[{"embeddable":true,"href":"https:\/\/marionbiche.be\/index.php\/wp-json\/wp\/v2\/media\/36"}],"wp:attachment":[{"href":"https:\/\/marionbiche.be\/index.php\/wp-json\/wp\/v2\/media?parent=8"}],"curies":[{"name":"wp","href":"https:\/\/api.w.org\/{rel}","templated":true}]}}