{"id":18,"date":"2021-04-25T17:09:01","date_gmt":"2021-04-25T15:09:01","guid":{"rendered":"http:\/\/marionbiche.be\/?page_id=18"},"modified":"2023-03-12T17:07:14","modified_gmt":"2023-03-12T16:07:14","slug":"services","status":"publish","type":"page","link":"https:\/\/marionbiche.be\/index.php\/services\/","title":{"rendered":"Services"},"content":{"rendered":"\n<p>Form\u00e9e \u00e0 l&rsquo;habillement, je propose aux artistes\/entrepreneurs\/cr\u00e9ateurs de r\u00e9aliser un ou plusieurs mod\u00e8les de v\u00eatements en maille, de la recherche au prototypage, en passant par les fiches techniques et le patronage. <\/p>\n\n\n\n<p>Que vous ayez besoin de cr\u00e9ation de mod\u00e8les en maille ou de prototypes, j&rsquo;\u00e9tudie avec vous vos demandes et vos besoins afin de collaborer au mieux pour cr\u00e9er des pi\u00e8ces fantastiques qui nous ressemblent. <\/p>\n\n\n\n<p>Si vous souhaitez commencer une collection, je peux intervenir d\u00e8s les \u00e9tapes de recherches et ainsi trouvez des textures, finitions, couleurs et mati\u00e8res premi\u00e8res pertinentes \u00e0 votre th\u00e9matique et esth\u00e9tique. Par la suite, je r\u00e9alise des croquis et illustrations ainsi que des mises \u00e0 plats des mod\u00e8les valid\u00e9s. <\/p>\n\n\n\n<p>Si vous avez des mod\u00e8les pr\u00e9d\u00e9finis, je peux alors r\u00e9aliser le patronage, les fiches techniques et\/ou les prototypes, en fonction de ce que vous avez d\u00e9j\u00e0. Les prototypes sont r\u00e9alis\u00e9s soit \u00e0 la main soit sur machine domestique (selon l&rsquo;\u00e9paisseur du\/des fil(s)), j&rsquo;inclus les \u00e9chantillons dans cet \u00e9tape \u00e9galement.<\/p>\n\n\n\n<p>Vous pouvez retrouver mes diff\u00e9rents services et tarifs* sur ce document en <a rel=\"noreferrer noopener\" href=\"https:\/\/marionbiche.be\/wp-content\/uploads\/2021\/04\/Services.pdf\" target=\"_blank\">cliquant ici<\/a> et m&rsquo;envoyer un mail pour parler de votre projet, et ainsi \u00e9tablir un devis plus pr\u00e9cis.<\/p>\n\n\n\n<p class=\"has-small-font-size\">*Tous les prix sont \u00e0 titre indicatifs, chaque projet est diff\u00e9rent et donc les tarifs aussi<\/p>\n","protected":false},"excerpt":{"rendered":"<p>Form\u00e9e \u00e0 l&rsquo;habillement, je propose aux artistes\/entrepreneurs\/cr\u00e9ateurs de r\u00e9aliser un ou plusieurs mod\u00e8les de v\u00eatements en maille, de la recherche au prototypage, en passant par les fiches techniques et le patronage. Que vous ayez besoin de cr\u00e9ation de mod\u00e8les en maille ou de prototypes, j&rsquo;\u00e9tudie avec vous vos demandes et vos besoins afin de collaborer &hellip; <\/p>\n<p class=\"link-more\"><a href=\"https:\/\/marionbiche.be\/index.php\/services\/\" class=\"more-link\">Continuer la lecture<span class=\"screen-reader-text\"> de &laquo;&nbsp;Services&nbsp;&raquo;<\/span><\/a><\/p>\n","protected":false},"author":1,"featured_media":43,"parent":0,"menu_order":0,"comment_status":"closed","ping_status":"closed","template":"","meta":[],"_links":{"self":[{"href":"https:\/\/marionbiche.be\/index.php\/wp-json\/wp\/v2\/pages\/18"}],"collection":[{"href":"https:\/\/marionbiche.be\/index.php\/wp-json\/wp\/v2\/pages"}],"about":[{"href":"https:\/\/marionbiche.be\/index.php\/wp-json\/wp\/v2\/types\/page"}],"author":[{"embeddable":true,"href":"https:\/\/marionbiche.be\/index.php\/wp-json\/wp\/v2\/users\/1"}],"replies":[{"embeddable":true,"href":"https:\/\/marionbiche.be\/index.php\/wp-json\/wp\/v2\/comments?post=18"}],"version-history":[{"count":8,"href":"https:\/\/marionbiche.be\/index.php\/wp-json\/wp\/v2\/pages\/18\/revisions"}],"predecessor-version":[{"id":161,"href":"https:\/\/marionbiche.be\/index.php\/wp-json\/wp\/v2\/pages\/18\/revisions\/161"}],"wp:featuredmedia":[{"embeddable":true,"href":"https:\/\/marionbiche.be\/index.php\/wp-json\/wp\/v2\/media\/43"}],"wp:attachment":[{"href":"https:\/\/marionbiche.be\/index.php\/wp-json\/wp\/v2\/media?parent=18"}],"curies":[{"name":"wp","href":"https:\/\/api.w.org\/{rel}","templated":true}]}}