{"id":139,"date":"2023-02-14T13:21:45","date_gmt":"2023-02-14T12:21:45","guid":{"rendered":"https:\/\/marionbiche.be\/?page_id=139"},"modified":"2023-09-20T09:25:46","modified_gmt":"2023-09-20T07:25:46","slug":"ateliers-patronage-et-tricot-machine","status":"publish","type":"page","link":"https:\/\/marionbiche.be\/index.php\/ateliers-patronage-et-tricot-machine\/","title":{"rendered":"Ateliers Patronage et Tricot Machine"},"content":{"rendered":"\n<p>Ayant toujours eu cette envie de partager et d&rsquo;\u00e9changer autour du textile, j&rsquo;ai d\u00e9cid\u00e9 de donner des ateliers en collaboration avec Atelier 53, une mercerie incroyable dont les valeurs me sont ch\u00e8res. <\/p>\n\n\n\n<p>Retrouvez mes ateliers ci-dessous et r\u00e9servez votre place en cliquant <a href=\"https:\/\/atelier-53.be\/collections\/ateliers-diy\" data-type=\"URL\" data-id=\"https:\/\/atelier-53.be\/collections\/ateliers-diy\">ici<\/a>. <\/p>\n\n\n\n<p>Pour plus d&rsquo;informations, n&rsquo;h\u00e9sitez pas \u00e0 contacter Emilie de la boutique ou moi-m\u00eame \u00e0 cette adresse : marion.biche@gmail.com<\/p>\n\n\n\n<figure class=\"wp-block-image size-full\"><img decoding=\"async\" loading=\"lazy\" width=\"540\" height=\"540\" src=\"https:\/\/marionbiche.be\/wp-content\/uploads\/2023\/09\/IMG_20230913_114341_697-2.jpg\" alt=\"\" class=\"wp-image-179\" srcset=\"https:\/\/marionbiche.be\/wp-content\/uploads\/2023\/09\/IMG_20230913_114341_697-2.jpg 540w, https:\/\/marionbiche.be\/wp-content\/uploads\/2023\/09\/IMG_20230913_114341_697-2-300x300.jpg 300w, https:\/\/marionbiche.be\/wp-content\/uploads\/2023\/09\/IMG_20230913_114341_697-2-150x150.jpg 150w, https:\/\/marionbiche.be\/wp-content\/uploads\/2023\/09\/IMG_20230913_114341_697-2-100x100.jpg 100w\" sizes=\"(max-width: 540px) 100vw, 540px\" \/><figcaption class=\"wp-element-caption\">Atelier avec Indigo Blue Cr\u00e9ation \u00e0 Li\u00e8ge le Samedi 21 Octobre, plus d&rsquo;infos sur ma page facebook ! <\/figcaption><\/figure>\n\n\n\n<figure class=\"wp-block-image size-large\"><img decoding=\"async\" loading=\"lazy\" width=\"1024\" height=\"576\" src=\"https:\/\/marionbiche.be\/wp-content\/uploads\/2023\/07\/ATELIERS_65_1024x1024@2x-1024x576.webp\" alt=\"\" class=\"wp-image-166\" srcset=\"https:\/\/marionbiche.be\/wp-content\/uploads\/2023\/07\/ATELIERS_65_1024x1024@2x-1024x576.webp 1024w, https:\/\/marionbiche.be\/wp-content\/uploads\/2023\/07\/ATELIERS_65_1024x1024@2x-300x169.webp 300w, https:\/\/marionbiche.be\/wp-content\/uploads\/2023\/07\/ATELIERS_65_1024x1024@2x-768x432.webp 768w, https:\/\/marionbiche.be\/wp-content\/uploads\/2023\/07\/ATELIERS_65_1024x1024@2x-1536x864.webp 1536w, https:\/\/marionbiche.be\/wp-content\/uploads\/2023\/07\/ATELIERS_65_1024x1024@2x.webp 1920w\" sizes=\"(max-width: 706px) 89vw, (max-width: 767px) 82vw, 740px\" \/><\/figure>\n\n\n\n<figure class=\"wp-block-gallery has-nested-images columns-1 is-cropped wp-block-gallery-1 is-layout-flex\">\n<figure class=\"wp-block-image size-large\"><img decoding=\"async\" loading=\"lazy\" width=\"1024\" height=\"576\" data-id=\"143\"  src=\"https:\/\/marionbiche.be\/wp-content\/uploads\/2023\/02\/tricotmachinemardisoir_1024x1024@2x-1024x576.webp\" alt=\"\" class=\"wp-image-143\" srcset=\"https:\/\/marionbiche.be\/wp-content\/uploads\/2023\/02\/tricotmachinemardisoir_1024x1024@2x-1024x576.webp 1024w, https:\/\/marionbiche.be\/wp-content\/uploads\/2023\/02\/tricotmachinemardisoir_1024x1024@2x-300x169.webp 300w, https:\/\/marionbiche.be\/wp-content\/uploads\/2023\/02\/tricotmachinemardisoir_1024x1024@2x-768x432.webp 768w, https:\/\/marionbiche.be\/wp-content\/uploads\/2023\/02\/tricotmachinemardisoir_1024x1024@2x-1536x864.webp 1536w, https:\/\/marionbiche.be\/wp-content\/uploads\/2023\/02\/tricotmachinemardisoir_1024x1024@2x.webp 1920w\" sizes=\"(max-width: 706px) 89vw, (max-width: 767px) 82vw, 740px\" \/><\/figure>\n\n\n\n<figure class=\"wp-block-image size-large\"><img decoding=\"async\" loading=\"lazy\" width=\"1024\" height=\"576\" data-id=\"141\"  src=\"https:\/\/marionbiche.be\/wp-content\/uploads\/2023\/02\/patronage_1024x1024@2x-1024x576.webp\" alt=\"\" class=\"wp-image-141\" srcset=\"https:\/\/marionbiche.be\/wp-content\/uploads\/2023\/02\/patronage_1024x1024@2x-1024x576.webp 1024w, https:\/\/marionbiche.be\/wp-content\/uploads\/2023\/02\/patronage_1024x1024@2x-300x169.webp 300w, https:\/\/marionbiche.be\/wp-content\/uploads\/2023\/02\/patronage_1024x1024@2x-768x432.webp 768w, https:\/\/marionbiche.be\/wp-content\/uploads\/2023\/02\/patronage_1024x1024@2x-1536x864.webp 1536w, https:\/\/marionbiche.be\/wp-content\/uploads\/2023\/02\/patronage_1024x1024@2x.webp 1920w\" sizes=\"(max-width: 706px) 89vw, (max-width: 767px) 82vw, 740px\" \/><\/figure>\n\n\n\n<figure class=\"wp-block-image size-large\"><img decoding=\"async\" loading=\"lazy\" width=\"1024\" height=\"576\" data-id=\"142\"  src=\"https:\/\/marionbiche.be\/wp-content\/uploads\/2023\/02\/patronnage_1024x1024@2x-1024x576.webp\" alt=\"\" class=\"wp-image-142\" srcset=\"https:\/\/marionbiche.be\/wp-content\/uploads\/2023\/02\/patronnage_1024x1024@2x-1024x576.webp 1024w, https:\/\/marionbiche.be\/wp-content\/uploads\/2023\/02\/patronnage_1024x1024@2x-300x169.webp 300w, https:\/\/marionbiche.be\/wp-content\/uploads\/2023\/02\/patronnage_1024x1024@2x-768x432.webp 768w, https:\/\/marionbiche.be\/wp-content\/uploads\/2023\/02\/patronnage_1024x1024@2x-1536x864.webp 1536w, https:\/\/marionbiche.be\/wp-content\/uploads\/2023\/02\/patronnage_1024x1024@2x.webp 1920w\" sizes=\"(max-width: 706px) 89vw, (max-width: 767px) 82vw, 740px\" \/><\/figure>\n<\/figure>\n","protected":false},"excerpt":{"rendered":"<p>Ayant toujours eu cette envie de partager et d&rsquo;\u00e9changer autour du textile, j&rsquo;ai d\u00e9cid\u00e9 de donner des ateliers en collaboration avec Atelier 53, une mercerie incroyable dont les valeurs me sont ch\u00e8res. Retrouvez mes ateliers ci-dessous et r\u00e9servez votre place en cliquant ici. Pour plus d&rsquo;informations, n&rsquo;h\u00e9sitez pas \u00e0 contacter Emilie de la boutique ou &hellip; <\/p>\n<p class=\"link-more\"><a href=\"https:\/\/marionbiche.be\/index.php\/ateliers-patronage-et-tricot-machine\/\" class=\"more-link\">Continuer la lecture<span class=\"screen-reader-text\"> de &laquo;&nbsp;Ateliers Patronage et Tricot Machine&nbsp;&raquo;<\/span><\/a><\/p>\n","protected":false},"author":1,"featured_media":0,"parent":0,"menu_order":0,"comment_status":"closed","ping_status":"closed","template":"","meta":[],"_links":{"self":[{"href":"https:\/\/marionbiche.be\/index.php\/wp-json\/wp\/v2\/pages\/139"}],"collection":[{"href":"https:\/\/marionbiche.be\/index.php\/wp-json\/wp\/v2\/pages"}],"about":[{"href":"https:\/\/marionbiche.be\/index.php\/wp-json\/wp\/v2\/types\/page"}],"author":[{"embeddable":true,"href":"https:\/\/marionbiche.be\/index.php\/wp-json\/wp\/v2\/users\/1"}],"replies":[{"embeddable":true,"href":"https:\/\/marionbiche.be\/index.php\/wp-json\/wp\/v2\/comments?post=139"}],"version-history":[{"count":7,"href":"https:\/\/marionbiche.be\/index.php\/wp-json\/wp\/v2\/pages\/139\/revisions"}],"predecessor-version":[{"id":181,"href":"https:\/\/marionbiche.be\/index.php\/wp-json\/wp\/v2\/pages\/139\/revisions\/181"}],"wp:attachment":[{"href":"https:\/\/marionbiche.be\/index.php\/wp-json\/wp\/v2\/media?parent=139"}],"curies":[{"name":"wp","href":"https:\/\/api.w.org\/{rel}","templated":true}]}}